{"id":207,"date":"2025-08-13T07:35:49","date_gmt":"2025-08-13T07:35:49","guid":{"rendered":"https:\/\/wasser-lippert.de\/?page_id=207"},"modified":"2025-08-13T10:35:40","modified_gmt":"2025-08-13T10:35:40","slug":"impressum","status":"publish","type":"page","link":"https:\/\/wasser-lippert.de\/?page_id=207","title":{"rendered":"Impressum"},"content":{"rendered":"\t\t<div data-elementor-type=\"wp-page\" data-elementor-id=\"207\" class=\"elementor elementor-207\" data-elementor-post-type=\"page\">\n\t\t\t\t<div data-particle_enable=\"false\" data-particle-mobile-disabled=\"false\" class=\"elementor-element elementor-element-5cb2f8e e-flex e-con-boxed e-con e-parent\" data-id=\"5cb2f8e\" data-element_type=\"container\" data-e-type=\"container\">\n\t\t\t\t\t<div class=\"e-con-inner\">\n\t\t\t\t<div class=\"elementor-element elementor-element-0221ba3 elementor-widget elementor-widget-image\" data-id=\"0221ba3\" data-element_type=\"widget\" data-e-type=\"widget\" data-widget_type=\"image.default\">\n\t\t\t\t\t\t\t\t\t\t\t\t\t\t\t<img fetchpriority=\"high\" decoding=\"async\" width=\"1144\" height=\"423\" src=\"https:\/\/wasser-lippert.de\/wp-content\/uploads\/2025\/08\/Impressum_Wasser_Labor_Lippert_web.jpg\" class=\"attachment-full size-full wp-image-236\" alt=\"Wasser\" srcset=\"https:\/\/wasser-lippert.de\/wp-content\/uploads\/2025\/08\/Impressum_Wasser_Labor_Lippert_web.jpg 1144w, https:\/\/wasser-lippert.de\/wp-content\/uploads\/2025\/08\/Impressum_Wasser_Labor_Lippert_web-300x111.jpg 300w, https:\/\/wasser-lippert.de\/wp-content\/uploads\/2025\/08\/Impressum_Wasser_Labor_Lippert_web-1024x379.jpg 1024w, https:\/\/wasser-lippert.de\/wp-content\/uploads\/2025\/08\/Impressum_Wasser_Labor_Lippert_web-768x284.jpg 768w\" sizes=\"(max-width: 1144px) 100vw, 1144px\" \/>\t\t\t\t\t\t\t\t\t\t\t\t\t\t\t<\/div>\n\t\t\t\t\t<\/div>\n\t\t\t\t<\/div>\n\t\t<div data-particle_enable=\"false\" data-particle-mobile-disabled=\"false\" class=\"elementor-element elementor-element-59f8d58 e-flex e-con-boxed e-con e-parent\" data-id=\"59f8d58\" data-element_type=\"container\" data-e-type=\"container\">\n\t\t\t\t\t<div class=\"e-con-inner\">\n\t\t\t\t<div class=\"elementor-element elementor-element-c55563a elementor-widget elementor-widget-heading\" data-id=\"c55563a\" data-element_type=\"widget\" data-e-type=\"widget\" data-widget_type=\"heading.default\">\n\t\t\t\t\t<h2 class=\"elementor-heading-title elementor-size-default\">Impressum<\/h2>\t\t\t\t<\/div>\n\t\t\t\t<div class=\"elementor-element elementor-element-25929a8 elementor-widget elementor-widget-text-editor\" data-id=\"25929a8\" data-element_type=\"widget\" data-e-type=\"widget\" data-widget_type=\"text-editor.default\">\n\t\t\t\t\t\t\t\t\t<div class=\"col-md-12\"><div id=\"c34\" class=\"frame frame-default frame-type-text frame-layout-0\"><p><strong>Angaben gem\u00e4\u00df \u00a7 5 TMG:<\/strong><\/p><p>Lippert Inspection GmbH<br \/>Kranzweiherweg 10\u00a0<br \/>53489 Sinzig am Rhein<\/p><p><strong>Kontakt:<\/strong><\/p><p>Telefon:\u00a0+49 (0) 26 42 \/ 99 99 30 10\u00a0<br \/>Telefax:\u00a0+49 (0) 26 42 \/ 99 99 30 30\u00a0<br \/>E-Mail:\u00a0<a>info(at)lippert-qm.com<\/a><\/p><p><strong>Umsatzsteuer-ID:<\/strong><\/p><p>Umsatzsteuer-Identifikationsnummer gem\u00e4\u00df \u00a727 a Umsatzsteuergesetz:\u00a0<strong>DE313 049 282<\/strong><\/p><p><strong>Aufsichtsbeh\u00f6rde:<\/strong><\/p><p>Industrie- und Handelskammer Koblenz\u00a0<br \/>Verantwortlich f\u00fcr den Inhalt nach \u00a7 55 Abs. 2 RStV:\u00a0<br \/>Priv. Doz. Dr. Felix Lippert<\/p><h3><strong>Haftungsausschluss:<\/strong><\/h3><h4><strong>Haftung f\u00fcr Inhalte<\/strong><\/h4><p>Die Inhalte unserer Seiten wurden mit gr\u00f6\u00dfter Sorgfalt erstellt. F\u00fcr die Richtigkeit, Vollst\u00e4ndigkeit und Aktualit\u00e4t der Inhalte k\u00f6nnen wir jedoch keine Gew\u00e4hr \u00fcbernehmen. Als Diensteanbieter sind wir gem\u00e4\u00df \u00a7 7 Abs.1 TMG f\u00fcr eigene Inhalte auf diesen Seiten nach den allgemeinen Gesetzen verantwortlich. Nach \u00a7\u00a7 8 bis 10 TMG sind wir als Diensteanbieter jedoch nicht verpflichtet, \u00fcbermittelte oder gespeicherte fremde Informationen zu \u00fcberwachen oder nach Umst\u00e4nden zu forschen, die auf eine rechtswidrige T\u00e4tigkeit hinweisen. Verpflichtungen zur Entfernung oder Sperrung der Nutzung von Informationen nach den allgemeinen Gesetzen bleiben hiervon unber\u00fchrt. Eine diesbez\u00fcgliche Haftung ist jedoch erst ab dem Zeitpunkt der Kenntnis einer konkreten Rechtsverletzung m\u00f6glich. Bei Bekanntwerden von entsprechenden Rechtsverletzungen werden wir diese Inhalte umgehend entfernen.<\/p><h4><strong>Haftung f\u00fcr Links<\/strong><\/h4><p>Unser Angebot enth\u00e4lt Links zu externen Webseiten Dritter, auf deren Inhalte wir keinen Einfluss haben. Deshalb k\u00f6nnen wir f\u00fcr diese fremden Inhalte auch keine Gew\u00e4hr \u00fcbernehmen. F\u00fcr die Inhalte der verlinkten Seiten ist stets der jeweilige Anbieter oder Betreiber der Seiten verantwortlich. Die verlinkten Seiten wurden zum Zeitpunkt der Verlinkung auf m\u00f6gliche Rechtsverst\u00f6\u00dfe \u00fcberpr\u00fcft. Rechtswidrige Inhalte waren zum Zeitpunkt der Verlinkung nicht erkennbar. Eine permanente inhaltliche Kontrolle der verlinkten Seiten ist jedoch ohne konkrete Anhaltspunkte einer Rechtsverletzung nicht zumutbar. Bei Bekanntwerden von Rechtsverletzungen werden wir derartige Links umgehend entfernen.<\/p><h4><strong>Urheberrecht<\/strong><\/h4><p>Die durch die Seitenbetreiber erstellten Inhalte und Werke auf diesen Seiten unterliegen dem deutschen Urheberrecht. Die Vervielf\u00e4ltigung, Bearbeitung, Verbreitung und jede Art der Verwertung au\u00dferhalb der Grenzen des Urheberrechtes bed\u00fcrfen der schriftlichen Zustimmung des jeweiligen Autors bzw. Erstellers. Downloads und Kopien dieser Seite sind nur f\u00fcr den privaten, nicht kommerziellen Gebrauch gestattet. Soweit die Inhalte auf dieser Seite nicht vom Betreiber erstellt wurden, werden die Urheberrechte Dritter beachtet. Insbesondere werden Inhalte Dritter als solche gekennzeichnet. Sollten Sie trotzdem auf eine Urheberrechtsverletzung aufmerksam werden, bitten wir um einen entsprechenden Hinweis. Bei Bekanntwerden von Rechtsverletzungen werden wir derartige Inhalte umgehend entfernen.<\/p><h4><strong>Google Play<\/strong><\/h4><p>Google Play und das Google Play-Logo sind Marken von Google Inc.<\/p><\/div><\/div>\t\t\t\t\t\t\t\t<\/div>\n\t\t\t\t\t<\/div>\n\t\t\t\t<\/div>\n\t\t\t\t<\/div>\n\t\t","protected":false},"excerpt":{"rendered":"<p>Impressum Angaben gem\u00e4\u00df \u00a7 5 TMG: Lippert Inspection GmbHKranzweiherweg 10\u00a053489 Sinzig am Rhein Kontakt: Telefon:\u00a0+49 (0) 26 42 \/ 99 99 30 10\u00a0Telefax:\u00a0+49 (0) 26 42 \/ 99 99 30 30\u00a0E-Mail:\u00a0info(at)lippert-qm.com Umsatzsteuer-ID: Umsatzsteuer-Identifikationsnummer gem\u00e4\u00df \u00a727 a Umsatzsteuergesetz:\u00a0DE313 049 282 Aufsichtsbeh\u00f6rde: Industrie- und Handelskammer Koblenz\u00a0Verantwortlich f\u00fcr den Inhalt nach \u00a7 55 Abs. 2 RStV:\u00a0Priv. Doz. Dr. [&hellip;]<\/p>\n","protected":false},"author":1,"featured_media":0,"parent":0,"menu_order":2,"comment_status":"closed","ping_status":"closed","template":"","meta":{"footnotes":""},"class_list":["post-207","page","type-page","status-publish","hentry"],"yoast_head":"<!-- This site is optimized with the Yoast SEO plugin v26.9 - https:\/\/yoast.com\/product\/yoast-seo-wordpress\/ -->\n<title>Impressum - wasser-lippert<\/title>\n<meta name=\"robots\" content=\"index, follow, max-snippet:-1, max-image-preview:large, max-video-preview:-1\" \/>\n<link rel=\"canonical\" href=\"https:\/\/wasser-lippert.de\/?page_id=207\" \/>\n<meta property=\"og:locale\" content=\"en_US\" \/>\n<meta property=\"og:type\" content=\"article\" \/>\n<meta property=\"og:title\" content=\"Impressum - wasser-lippert\" \/>\n<meta property=\"og:description\" content=\"Impressum Angaben gem\u00e4\u00df \u00a7 5 TMG: Lippert Inspection GmbHKranzweiherweg 10\u00a053489 Sinzig am Rhein Kontakt: Telefon:\u00a0+49 (0) 26 42 \/ 99 99 30 10\u00a0Telefax:\u00a0+49 (0) 26 42 \/ 99 99 30 30\u00a0E-Mail:\u00a0info(at)lippert-qm.com Umsatzsteuer-ID: Umsatzsteuer-Identifikationsnummer gem\u00e4\u00df \u00a727 a Umsatzsteuergesetz:\u00a0DE313 049 282 Aufsichtsbeh\u00f6rde: Industrie- und Handelskammer Koblenz\u00a0Verantwortlich f\u00fcr den Inhalt nach \u00a7 55 Abs. 2 RStV:\u00a0Priv. Doz. Dr. [&hellip;]\" \/>\n<meta property=\"og:url\" content=\"https:\/\/wasser-lippert.de\/?page_id=207\" \/>\n<meta property=\"og:site_name\" content=\"wasser-lippert\" \/>\n<meta property=\"article:modified_time\" content=\"2025-08-13T10:35:40+00:00\" \/>\n<meta property=\"og:image\" content=\"https:\/\/wasser-lippert.de\/wp-content\/uploads\/2025\/08\/Impressum_Wasser_Labor_Lippert_web.jpg\" \/>\n\t<meta property=\"og:image:width\" content=\"1144\" \/>\n\t<meta property=\"og:image:height\" content=\"423\" \/>\n\t<meta property=\"og:image:type\" content=\"image\/jpeg\" \/>\n<meta name=\"twitter:card\" content=\"summary_large_image\" \/>\n<meta name=\"twitter:label1\" content=\"Est. reading time\" \/>\n\t<meta name=\"twitter:data1\" content=\"2 minutes\" \/>\n<script type=\"application\/ld+json\" class=\"yoast-schema-graph\">{\"@context\":\"https:\/\/schema.org\",\"@graph\":[{\"@type\":\"WebPage\",\"@id\":\"https:\/\/wasser-lippert.de\/?page_id=207\",\"url\":\"https:\/\/wasser-lippert.de\/?page_id=207\",\"name\":\"Impressum - wasser-lippert\",\"isPartOf\":{\"@id\":\"https:\/\/wasser-lippert.de\/#website\"},\"primaryImageOfPage\":{\"@id\":\"https:\/\/wasser-lippert.de\/?page_id=207#primaryimage\"},\"image\":{\"@id\":\"https:\/\/wasser-lippert.de\/?page_id=207#primaryimage\"},\"thumbnailUrl\":\"https:\/\/wasser-lippert.de\/wp-content\/uploads\/2025\/08\/Impressum_Wasser_Labor_Lippert_web.jpg\",\"datePublished\":\"2025-08-13T07:35:49+00:00\",\"dateModified\":\"2025-08-13T10:35:40+00:00\",\"breadcrumb\":{\"@id\":\"https:\/\/wasser-lippert.de\/?page_id=207#breadcrumb\"},\"inLanguage\":\"en-US\",\"potentialAction\":[{\"@type\":\"ReadAction\",\"target\":[\"https:\/\/wasser-lippert.de\/?page_id=207\"]}]},{\"@type\":\"ImageObject\",\"inLanguage\":\"en-US\",\"@id\":\"https:\/\/wasser-lippert.de\/?page_id=207#primaryimage\",\"url\":\"https:\/\/wasser-lippert.de\/wp-content\/uploads\/2025\/08\/Impressum_Wasser_Labor_Lippert_web.jpg\",\"contentUrl\":\"https:\/\/wasser-lippert.de\/wp-content\/uploads\/2025\/08\/Impressum_Wasser_Labor_Lippert_web.jpg\",\"width\":1144,\"height\":423,\"caption\":\"Wasser\"},{\"@type\":\"BreadcrumbList\",\"@id\":\"https:\/\/wasser-lippert.de\/?page_id=207#breadcrumb\",\"itemListElement\":[{\"@type\":\"ListItem\",\"position\":1,\"name\":\"Home\",\"item\":\"https:\/\/wasser-lippert.de\/\"},{\"@type\":\"ListItem\",\"position\":2,\"name\":\"Impressum\"}]},{\"@type\":\"WebSite\",\"@id\":\"https:\/\/wasser-lippert.de\/#website\",\"url\":\"https:\/\/wasser-lippert.de\/\",\"name\":\"wasser-lippert\",\"description\":\"\",\"publisher\":{\"@id\":\"https:\/\/wasser-lippert.de\/#organization\"},\"potentialAction\":[{\"@type\":\"SearchAction\",\"target\":{\"@type\":\"EntryPoint\",\"urlTemplate\":\"https:\/\/wasser-lippert.de\/?s={search_term_string}\"},\"query-input\":{\"@type\":\"PropertyValueSpecification\",\"valueRequired\":true,\"valueName\":\"search_term_string\"}}],\"inLanguage\":\"en-US\"},{\"@type\":\"Organization\",\"@id\":\"https:\/\/wasser-lippert.de\/#organization\",\"name\":\"wasser-lippert\",\"url\":\"https:\/\/wasser-lippert.de\/\",\"logo\":{\"@type\":\"ImageObject\",\"inLanguage\":\"en-US\",\"@id\":\"https:\/\/wasser-lippert.de\/#\/schema\/logo\/image\/\",\"url\":\"https:\/\/wasser-lippert.de\/wp-content\/uploads\/2025\/08\/Dr_Lippert_Labor_Logo.svg\",\"contentUrl\":\"https:\/\/wasser-lippert.de\/wp-content\/uploads\/2025\/08\/Dr_Lippert_Labor_Logo.svg\",\"width\":253,\"height\":69,\"caption\":\"wasser-lippert\"},\"image\":{\"@id\":\"https:\/\/wasser-lippert.de\/#\/schema\/logo\/image\/\"}}]}<\/script>\n<!-- \/ Yoast SEO plugin. -->","yoast_head_json":{"title":"Impressum - wasser-lippert","robots":{"index":"index","follow":"follow","max-snippet":"max-snippet:-1","max-image-preview":"max-image-preview:large","max-video-preview":"max-video-preview:-1"},"canonical":"https:\/\/wasser-lippert.de\/?page_id=207","og_locale":"en_US","og_type":"article","og_title":"Impressum - wasser-lippert","og_description":"Impressum Angaben gem\u00e4\u00df \u00a7 5 TMG: Lippert Inspection GmbHKranzweiherweg 10\u00a053489 Sinzig am Rhein Kontakt: Telefon:\u00a0+49 (0) 26 42 \/ 99 99 30 10\u00a0Telefax:\u00a0+49 (0) 26 42 \/ 99 99 30 30\u00a0E-Mail:\u00a0info(at)lippert-qm.com Umsatzsteuer-ID: Umsatzsteuer-Identifikationsnummer gem\u00e4\u00df \u00a727 a Umsatzsteuergesetz:\u00a0DE313 049 282 Aufsichtsbeh\u00f6rde: Industrie- und Handelskammer Koblenz\u00a0Verantwortlich f\u00fcr den Inhalt nach \u00a7 55 Abs. 2 RStV:\u00a0Priv. Doz. Dr. [&hellip;]","og_url":"https:\/\/wasser-lippert.de\/?page_id=207","og_site_name":"wasser-lippert","article_modified_time":"2025-08-13T10:35:40+00:00","og_image":[{"width":1144,"height":423,"url":"https:\/\/wasser-lippert.de\/wp-content\/uploads\/2025\/08\/Impressum_Wasser_Labor_Lippert_web.jpg","type":"image\/jpeg"}],"twitter_card":"summary_large_image","twitter_misc":{"Est. reading time":"2 minutes"},"schema":{"@context":"https:\/\/schema.org","@graph":[{"@type":"WebPage","@id":"https:\/\/wasser-lippert.de\/?page_id=207","url":"https:\/\/wasser-lippert.de\/?page_id=207","name":"Impressum - wasser-lippert","isPartOf":{"@id":"https:\/\/wasser-lippert.de\/#website"},"primaryImageOfPage":{"@id":"https:\/\/wasser-lippert.de\/?page_id=207#primaryimage"},"image":{"@id":"https:\/\/wasser-lippert.de\/?page_id=207#primaryimage"},"thumbnailUrl":"https:\/\/wasser-lippert.de\/wp-content\/uploads\/2025\/08\/Impressum_Wasser_Labor_Lippert_web.jpg","datePublished":"2025-08-13T07:35:49+00:00","dateModified":"2025-08-13T10:35:40+00:00","breadcrumb":{"@id":"https:\/\/wasser-lippert.de\/?page_id=207#breadcrumb"},"inLanguage":"en-US","potentialAction":[{"@type":"ReadAction","target":["https:\/\/wasser-lippert.de\/?page_id=207"]}]},{"@type":"ImageObject","inLanguage":"en-US","@id":"https:\/\/wasser-lippert.de\/?page_id=207#primaryimage","url":"https:\/\/wasser-lippert.de\/wp-content\/uploads\/2025\/08\/Impressum_Wasser_Labor_Lippert_web.jpg","contentUrl":"https:\/\/wasser-lippert.de\/wp-content\/uploads\/2025\/08\/Impressum_Wasser_Labor_Lippert_web.jpg","width":1144,"height":423,"caption":"Wasser"},{"@type":"BreadcrumbList","@id":"https:\/\/wasser-lippert.de\/?page_id=207#breadcrumb","itemListElement":[{"@type":"ListItem","position":1,"name":"Home","item":"https:\/\/wasser-lippert.de\/"},{"@type":"ListItem","position":2,"name":"Impressum"}]},{"@type":"WebSite","@id":"https:\/\/wasser-lippert.de\/#website","url":"https:\/\/wasser-lippert.de\/","name":"wasser-lippert","description":"","publisher":{"@id":"https:\/\/wasser-lippert.de\/#organization"},"potentialAction":[{"@type":"SearchAction","target":{"@type":"EntryPoint","urlTemplate":"https:\/\/wasser-lippert.de\/?s={search_term_string}"},"query-input":{"@type":"PropertyValueSpecification","valueRequired":true,"valueName":"search_term_string"}}],"inLanguage":"en-US"},{"@type":"Organization","@id":"https:\/\/wasser-lippert.de\/#organization","name":"wasser-lippert","url":"https:\/\/wasser-lippert.de\/","logo":{"@type":"ImageObject","inLanguage":"en-US","@id":"https:\/\/wasser-lippert.de\/#\/schema\/logo\/image\/","url":"https:\/\/wasser-lippert.de\/wp-content\/uploads\/2025\/08\/Dr_Lippert_Labor_Logo.svg","contentUrl":"https:\/\/wasser-lippert.de\/wp-content\/uploads\/2025\/08\/Dr_Lippert_Labor_Logo.svg","width":253,"height":69,"caption":"wasser-lippert"},"image":{"@id":"https:\/\/wasser-lippert.de\/#\/schema\/logo\/image\/"}}]}},"_links":{"self":[{"href":"https:\/\/wasser-lippert.de\/index.php?rest_route=\/wp\/v2\/pages\/207","targetHints":{"allow":["GET"]}}],"collection":[{"href":"https:\/\/wasser-lippert.de\/index.php?rest_route=\/wp\/v2\/pages"}],"about":[{"href":"https:\/\/wasser-lippert.de\/index.php?rest_route=\/wp\/v2\/types\/page"}],"author":[{"embeddable":true,"href":"https:\/\/wasser-lippert.de\/index.php?rest_route=\/wp\/v2\/users\/1"}],"replies":[{"embeddable":true,"href":"https:\/\/wasser-lippert.de\/index.php?rest_route=%2Fwp%2Fv2%2Fcomments&post=207"}],"version-history":[{"count":43,"href":"https:\/\/wasser-lippert.de\/index.php?rest_route=\/wp\/v2\/pages\/207\/revisions"}],"predecessor-version":[{"id":254,"href":"https:\/\/wasser-lippert.de\/index.php?rest_route=\/wp\/v2\/pages\/207\/revisions\/254"}],"wp:attachment":[{"href":"https:\/\/wasser-lippert.de\/index.php?rest_route=%2Fwp%2Fv2%2Fmedia&parent=207"}],"curies":[{"name":"wp","href":"https:\/\/api.w.org\/{rel}","templated":true}]}}